{"id":159,"date":"2026-02-05T16:56:19","date_gmt":"2026-02-05T16:56:19","guid":{"rendered":"https:\/\/sifachillers.com.mx\/?post_type=product&#038;p=159"},"modified":"2026-03-26T10:56:10","modified_gmt":"2026-03-26T16:56:10","slug":"valvula-025-38177-000-actuator-electrical-york","status":"publish","type":"product","link":"https:\/\/sifachillers.com.mx\/?product=valvula-025-38177-000-actuator-electrical-york","title":{"rendered":"V\u00e1lvula 025 38177 000 ACTUATOR, ELECTRICAL, YORK"},"content":{"rendered":"<p>Actuador El\u00e9ctrico York (025-38177-000). Este actuador el\u00e9ctrico de alta precisi\u00f3n es un componente original de York, dise\u00f1ado espec\u00edficamente para sistemas de climatizaci\u00f3n industrial y comercial (HVAC). Su funci\u00f3n principal es el control preciso de v\u00e1lvulas o compuertas, asegurando un flujo de aire o l\u00edquido eficiente dentro del sistema.<\/p>\n<p>Especificaciones del Producto:<\/p>\n<p>Detalle de N\u00famero de Parte025 38177 000<\/p>\n<p>Fabricante: York (Johnson Controls)<\/p>\n<p>Tipo de Producto: Actuador El\u00e9ctrico \/ Motor de Control<\/p>\n<p>Aplicaci\u00f3n: Chiller, Unidades de Manejo de Aire (AHU), Sistemas de Control York Compatibilidad Repuesto original (OEM) para equipos York<\/p>\n<p>Descripci\u00f3n T\u00e9cnica: El modelo 025 38177 000 es un actuador de rotaci\u00f3n dise\u00f1ado para ofrecer durabilidad en entornos exigentes. Gracias a su construcci\u00f3n robusta, permite un ajuste milim\u00e9trico en la apertura y cierre de componentes cr\u00edticos del sistema HVAC, lo que ayuda a reducir el consumo energ\u00e9tico y prolongar la vida \u00fatil del equipo.Instalaci\u00f3n Simplificada: Incluye los accesorios necesarios para el montaje (como se muestra en las im\u00e1genes), facilitando la sustituci\u00f3n directa sin necesidad de modificaciones complejas.Alta Fiabilidad: Fabricado bajo los est\u00e1ndares de calidad de Johnson Controls, garantizando una comunicaci\u00f3n perfecta con los paneles de control York.Rendimiento Constante: Ideal para aplicaciones de control modulante o de dos posiciones, manteniendo la estabilidad t\u00e9rmica en edificios comerciales.<\/p>\n","protected":false},"excerpt":{"rendered":"<p>Especificaciones:<\/p>\n<ul>\n<li>No. de parte: 025 38177 000<\/li>\n<li>Fabricante: York<\/li>\n<li>Tipo de Producto: Actuador Electrico<\/li>\n<\/ul>\n","protected":false},"featured_media":164,"comment_status":"open","ping_status":"closed","template":"","meta":[],"product_brand":[27],"product_cat":[26],"product_tag":[35,28,18],"class_list":{"0":"post-159","1":"product","2":"type-product","3":"status-publish","4":"has-post-thumbnail","6":"product_brand-york","7":"product_cat-valvula","8":"product_tag-025-38177-000","9":"product_tag-valvula","10":"product_tag-york","12":"first","13":"instock","14":"taxable","15":"shipping-taxable","16":"purchasable","17":"product-type-simple"},"jetpack_sharing_enabled":true,"_links":{"self":[{"href":"https:\/\/sifachillers.com.mx\/index.php?rest_route=\/wp\/v2\/product\/159","targetHints":{"allow":["GET"]}}],"collection":[{"href":"https:\/\/sifachillers.com.mx\/index.php?rest_route=\/wp\/v2\/product"}],"about":[{"href":"https:\/\/sifachillers.com.mx\/index.php?rest_route=\/wp\/v2\/types\/product"}],"replies":[{"embeddable":true,"href":"https:\/\/sifachillers.com.mx\/index.php?rest_route=%2Fwp%2Fv2%2Fcomments&post=159"}],"wp:featuredmedia":[{"embeddable":true,"href":"https:\/\/sifachillers.com.mx\/index.php?rest_route=\/wp\/v2\/media\/164"}],"wp:attachment":[{"href":"https:\/\/sifachillers.com.mx\/index.php?rest_route=%2Fwp%2Fv2%2Fmedia&parent=159"}],"wp:term":[{"taxonomy":"product_brand","embeddable":true,"href":"https:\/\/sifachillers.com.mx\/index.php?rest_route=%2Fwp%2Fv2%2Fproduct_brand&post=159"},{"taxonomy":"product_cat","embeddable":true,"href":"https:\/\/sifachillers.com.mx\/index.php?rest_route=%2Fwp%2Fv2%2Fproduct_cat&post=159"},{"taxonomy":"product_tag","embeddable":true,"href":"https:\/\/sifachillers.com.mx\/index.php?rest_route=%2Fwp%2Fv2%2Fproduct_tag&post=159"}],"curies":[{"name":"wp","href":"https:\/\/api.w.org\/{rel}","templated":true}]}}