{"id":331,"date":"2026-02-18T16:14:25","date_gmt":"2026-02-18T22:14:25","guid":{"rendered":"http:\/\/sifachillers.com.mx\/?post_type=product&#038;p=331"},"modified":"2026-03-26T11:31:02","modified_gmt":"2026-03-26T17:31:02","slug":"aceite-genuine-c-011-00312-000","status":"publish","type":"product","link":"https:\/\/sifachillers.com.mx\/?product=aceite-genuine-c-011-00312-000","title":{"rendered":"Aceite Genuine C 011 00312 000"},"content":{"rendered":"<p>El 011-00312-000 es un aceite tipo C que tiene una capacidad de 5 galones. Est\u00e1 dise\u00f1ado con un alto punto de inflamaci\u00f3n y un bajo contenido de humedad, lo que permite una excelente lubricaci\u00f3n.<\/p>\n<p>El aceite tipo C es adecuado para compresores alternativos abiertos o herm\u00e9ticos, compresores de tornillo enfriados por agua, compresores M y compresores centr\u00edfugos de una sola etapa.<\/p>\n<p>El 011-00312-000 es f\u00e1cil de instalar sin cera y con puntos de fluidez bajos para evitar la congelaci\u00f3n en condensadores y evaporadores.<\/p>\n","protected":false},"excerpt":{"rendered":"<p>N\u00famero de parte: 011 00312 000<br \/>\nFabricante: YORK\/ Jhonson Controls<br \/>\nTipo de producto: Aceite Lubricante<\/p>\n","protected":false},"featured_media":332,"comment_status":"open","ping_status":"closed","template":"","meta":[],"product_brand":[27],"product_cat":[52],"product_tag":[54,56,57],"class_list":{"0":"post-331","1":"product","2":"type-product","3":"status-publish","4":"has-post-thumbnail","6":"product_brand-york","7":"product_cat-aceites-lubricantes","8":"product_tag-aceite","9":"product_tag-aceite-lubricantes","10":"product_tag-lubricante","12":"first","13":"instock","14":"taxable","15":"shipping-taxable","16":"purchasable","17":"product-type-simple"},"jetpack_sharing_enabled":true,"_links":{"self":[{"href":"https:\/\/sifachillers.com.mx\/index.php?rest_route=\/wp\/v2\/product\/331","targetHints":{"allow":["GET"]}}],"collection":[{"href":"https:\/\/sifachillers.com.mx\/index.php?rest_route=\/wp\/v2\/product"}],"about":[{"href":"https:\/\/sifachillers.com.mx\/index.php?rest_route=\/wp\/v2\/types\/product"}],"replies":[{"embeddable":true,"href":"https:\/\/sifachillers.com.mx\/index.php?rest_route=%2Fwp%2Fv2%2Fcomments&post=331"}],"wp:featuredmedia":[{"embeddable":true,"href":"https:\/\/sifachillers.com.mx\/index.php?rest_route=\/wp\/v2\/media\/332"}],"wp:attachment":[{"href":"https:\/\/sifachillers.com.mx\/index.php?rest_route=%2Fwp%2Fv2%2Fmedia&parent=331"}],"wp:term":[{"taxonomy":"product_brand","embeddable":true,"href":"https:\/\/sifachillers.com.mx\/index.php?rest_route=%2Fwp%2Fv2%2Fproduct_brand&post=331"},{"taxonomy":"product_cat","embeddable":true,"href":"https:\/\/sifachillers.com.mx\/index.php?rest_route=%2Fwp%2Fv2%2Fproduct_cat&post=331"},{"taxonomy":"product_tag","embeddable":true,"href":"https:\/\/sifachillers.com.mx\/index.php?rest_route=%2Fwp%2Fv2%2Fproduct_tag&post=331"}],"curies":[{"name":"wp","href":"https:\/\/api.w.org\/{rel}","templated":true}]}}